{"id":6,"date":"2025-10-31T15:39:40","date_gmt":"2025-10-31T14:39:40","guid":{"rendered":"https:\/\/xn--webdesignmnchen-8vb.com\/referenzen\/friseur-muenchen\/?page_id=6"},"modified":"2025-10-31T15:49:00","modified_gmt":"2025-10-31T14:49:00","slug":"startseite","status":"publish","type":"page","link":"https:\/\/xn--webdesignmnchen-8vb.com\/referenzen\/friseur-muenchen\/","title":{"rendered":"Friseur M\u00fcnchen"},"content":{"rendered":"\n<p>Bei uns steht Ihr individueller Stil im Mittelpunkt. In unserem modernen Friseursalon im Herzen von <strong>M\u00fcnchen<\/strong> erwarten Sie kreative Haarschnitte, brillante Farben und ein Rundum-Wohlf\u00fchlerlebnis. Unser erfahrenes Team sorgt daf\u00fcr, dass Sie mit einem L\u00e4cheln und perfektem Look nach Hause gehen.<\/p>\n\n\n\n<h2 class=\"wp-block-heading\">Unsere Leistungen<\/h2>\n\n\n\n<p><strong>Bartpflege &amp; Barber-Service<\/strong><br>Stilvolle Rasuren und Bartformen f\u00fcr den gepflegten Auftritt.<\/p>\n\n\n\n<p><strong>Haarschnitte f\u00fcr Damen, Herren &amp; Kinder<\/strong><br>Pr\u00e4zise, typgerechte Schnitte \u2013 von klassisch bis modern.<\/p>\n\n\n\n<p><strong>Coloration &amp; Str\u00e4hnentechniken<\/strong><br>Professionelle Farbberatung, Balayage, Ombr\u00e9, Glossing &amp; mehr.<\/p>\n\n\n\n<p><strong>Styling &amp; Pflege<\/strong><br>F\u00fcr Alltag, Business oder besondere Anl\u00e4sse \u2013 wir bringen Ihr Haar in Form.<\/p>\n\n\n\n<p><strong>Hochzeits- &amp; Eventfrisuren<\/strong><br>Ob romantisch, elegant oder extravagant \u2013 wir kreieren Ihren perfekten Look f\u00fcr den gro\u00dfen Tag.<\/p>\n","protected":false},"excerpt":{"rendered":"<p>Bei uns steht Ihr individueller Stil im Mittelpunkt. In unserem modernen Friseursalon im Herzen von M\u00fcnchen erwarten Sie kreative Haarschnitte, brillante Farben und ein Rundum-Wohlf\u00fchlerlebnis. Unser erfahrenes Team sorgt daf\u00fcr, dass Sie mit einem L\u00e4cheln und perfektem Look nach Hause gehen. Unsere Leistungen Bartpflege &amp; Barber-ServiceStilvolle Rasuren und Bartformen f\u00fcr den gepflegten Auftritt. Haarschnitte f\u00fcr [&hellip;]<\/p>\n","protected":false},"author":1,"featured_media":0,"parent":0,"menu_order":0,"comment_status":"closed","ping_status":"closed","template":"","meta":{"footnotes":""},"class_list":["post-6","page","type-page","status-publish","hentry"],"_links":{"self":[{"href":"https:\/\/xn--webdesignmnchen-8vb.com\/referenzen\/friseur-muenchen\/wp-json\/wp\/v2\/pages\/6","targetHints":{"allow":["GET"]}}],"collection":[{"href":"https:\/\/xn--webdesignmnchen-8vb.com\/referenzen\/friseur-muenchen\/wp-json\/wp\/v2\/pages"}],"about":[{"href":"https:\/\/xn--webdesignmnchen-8vb.com\/referenzen\/friseur-muenchen\/wp-json\/wp\/v2\/types\/page"}],"author":[{"embeddable":true,"href":"https:\/\/xn--webdesignmnchen-8vb.com\/referenzen\/friseur-muenchen\/wp-json\/wp\/v2\/users\/1"}],"replies":[{"embeddable":true,"href":"https:\/\/xn--webdesignmnchen-8vb.com\/referenzen\/friseur-muenchen\/wp-json\/wp\/v2\/comments?post=6"}],"version-history":[{"count":6,"href":"https:\/\/xn--webdesignmnchen-8vb.com\/referenzen\/friseur-muenchen\/wp-json\/wp\/v2\/pages\/6\/revisions"}],"predecessor-version":[{"id":17,"href":"https:\/\/xn--webdesignmnchen-8vb.com\/referenzen\/friseur-muenchen\/wp-json\/wp\/v2\/pages\/6\/revisions\/17"}],"wp:attachment":[{"href":"https:\/\/xn--webdesignmnchen-8vb.com\/referenzen\/friseur-muenchen\/wp-json\/wp\/v2\/media?parent=6"}],"curies":[{"name":"wp","href":"https:\/\/api.w.org\/{rel}","templated":true}]}}